{"id":6,"date":"2024-01-02T13:15:56","date_gmt":"2024-01-02T12:15:56","guid":{"rendered":"https:\/\/selinaundarmin.de\/?page_id=6"},"modified":"2024-03-29T12:21:44","modified_gmt":"2024-03-29T11:21:44","slug":"selina-armin-%f0%9f%92%92%f0%9f%92%8d-05-oktober-2024","status":"publish","type":"page","link":"https:\/\/selinaundarmin.de\/","title":{"rendered":"Selina &amp; Armin \ud83d\udc92\ud83d\udc8d 05. Oktober 2024"},"content":{"rendered":"\n<p><br>Herzlich willkommen auf unserer Hochzeitshomepage!<\/p>\n\n\n\n<p>Wir freuen uns, dass ihr den Weg zu unserer digitalen Liebesfeier gefunden habt. Am 5. Oktober 2024 sagen Selina und Armin &#8222;Ja&#8220; zueinander, und wir k\u00f6nnen es kaum erwarten, diesen besonderen Tag mit Familie und Freunden zu teilen.<\/p>\n\n\n\n<p>Auf diesen Seiten werdet ihr alles finden, was ihr \u00fcber unsere Hochzeit wissen m\u00fcsst \u2013 von den Einzelheiten der Zeremonie und dem Ort des Geschehens bis hin zu pers\u00f6nlichen Geschichten \u00fcber unsere Reise als Paar. Ihr seid herzlich eingeladen, an unserer Liebe teilzuhaben und euch auf die festliche Atmosph\u00e4re einzustimmen, die diesen Oktober in der Luft liegt.<\/p>\n\n\n\n<p>Lasst uns gemeinsam die Vorfreude steigern und die Magie dieses bedeutenden Moments erleben.<\/p>\n\n\n\n<div class=\"wp-block-uagb-slider uagb-block-dc888fda uagb-slider-container\"><div class=\"uagb-slides uagb-swiper\"><div class=\"swiper-wrapper\">\n<div class=\"wp-block-uagb-slider-child uagb-slider-child-wrap swiper-slide uagb-block-5846a1c7\"><div class=\"swiper-content\">\n<div class=\"wp-block-uagb-container uagb-block-3ad7b34c default uagb-is-root-container\">\n<figure class=\"wp-block-image size-large\"><img loading=\"lazy\" decoding=\"async\" width=\"1536\" height=\"1536\" src=\"https:\/\/selinaundarmin.de\/wp-content\/uploads\/2024\/03\/WhatsApp-Bild-2024-03-29-um-12.10.23_39ea898c-edited.jpg\" alt=\"\" class=\"wp-image-92\" srcset=\"https:\/\/selinaundarmin.de\/wp-content\/uploads\/2024\/03\/WhatsApp-Bild-2024-03-29-um-12.10.23_39ea898c-edited.jpg 1536w, https:\/\/selinaundarmin.de\/wp-content\/uploads\/2024\/03\/WhatsApp-Bild-2024-03-29-um-12.10.23_39ea898c-edited-300x300.jpg 300w, https:\/\/selinaundarmin.de\/wp-content\/uploads\/2024\/03\/WhatsApp-Bild-2024-03-29-um-12.10.23_39ea898c-edited-1024x1024.jpg 1024w, https:\/\/selinaundarmin.de\/wp-content\/uploads\/2024\/03\/WhatsApp-Bild-2024-03-29-um-12.10.23_39ea898c-edited-150x150.jpg 150w, https:\/\/selinaundarmin.de\/wp-content\/uploads\/2024\/03\/WhatsApp-Bild-2024-03-29-um-12.10.23_39ea898c-edited-768x768.jpg 768w\" sizes=\"auto, (max-width: 1536px) 100vw, 1536px\" \/><\/figure>\n<\/div>\n<\/div><\/div>\n\n\n\n<div class=\"wp-block-uagb-slider-child uagb-slider-child-wrap swiper-slide uagb-block-7117c015\"><div class=\"swiper-content\">\n<div class=\"wp-block-uagb-container uagb-block-52812773 alignfull uagb-is-root-container\"><div class=\"uagb-container-inner-blocks-wrap\">\n<figure class=\"wp-block-image size-large\"><img loading=\"lazy\" decoding=\"async\" width=\"1536\" height=\"1536\" src=\"https:\/\/selinaundarmin.de\/wp-content\/uploads\/2024\/03\/WhatsApp-Bild-2024-03-29-um-12.10.23_20502639-edited.jpg\" alt=\"\" class=\"wp-image-90\" srcset=\"https:\/\/selinaundarmin.de\/wp-content\/uploads\/2024\/03\/WhatsApp-Bild-2024-03-29-um-12.10.23_20502639-edited.jpg 1536w, https:\/\/selinaundarmin.de\/wp-content\/uploads\/2024\/03\/WhatsApp-Bild-2024-03-29-um-12.10.23_20502639-edited-300x300.jpg 300w, https:\/\/selinaundarmin.de\/wp-content\/uploads\/2024\/03\/WhatsApp-Bild-2024-03-29-um-12.10.23_20502639-edited-1024x1024.jpg 1024w, https:\/\/selinaundarmin.de\/wp-content\/uploads\/2024\/03\/WhatsApp-Bild-2024-03-29-um-12.10.23_20502639-edited-150x150.jpg 150w, https:\/\/selinaundarmin.de\/wp-content\/uploads\/2024\/03\/WhatsApp-Bild-2024-03-29-um-12.10.23_20502639-edited-768x768.jpg 768w\" sizes=\"auto, (max-width: 1536px) 100vw, 1536px\" \/><\/figure>\n<\/div><\/div>\n<\/div><\/div>\n\n\n\n<div class=\"wp-block-uagb-slider-child uagb-slider-child-wrap swiper-slide uagb-block-1dba6294\"><div class=\"swiper-content\">\n<div class=\"wp-block-uagb-container uagb-block-80b5c869 alignfull uagb-is-root-container\"><div class=\"uagb-container-inner-blocks-wrap\">\n<figure class=\"wp-block-image size-large\"><img loading=\"lazy\" decoding=\"async\" width=\"1536\" height=\"1536\" src=\"https:\/\/selinaundarmin.de\/wp-content\/uploads\/2024\/03\/WhatsApp-Bild-2024-03-29-um-12.10.23_164f1423-1-edited.jpg\" alt=\"\" class=\"wp-image-86\" srcset=\"https:\/\/selinaundarmin.de\/wp-content\/uploads\/2024\/03\/WhatsApp-Bild-2024-03-29-um-12.10.23_164f1423-1-edited.jpg 1536w, https:\/\/selinaundarmin.de\/wp-content\/uploads\/2024\/03\/WhatsApp-Bild-2024-03-29-um-12.10.23_164f1423-1-edited-300x300.jpg 300w, https:\/\/selinaundarmin.de\/wp-content\/uploads\/2024\/03\/WhatsApp-Bild-2024-03-29-um-12.10.23_164f1423-1-edited-1024x1024.jpg 1024w, https:\/\/selinaundarmin.de\/wp-content\/uploads\/2024\/03\/WhatsApp-Bild-2024-03-29-um-12.10.23_164f1423-1-edited-150x150.jpg 150w, https:\/\/selinaundarmin.de\/wp-content\/uploads\/2024\/03\/WhatsApp-Bild-2024-03-29-um-12.10.23_164f1423-1-edited-768x768.jpg 768w\" sizes=\"auto, (max-width: 1536px) 100vw, 1536px\" \/><\/figure>\n<\/div><\/div>\n<\/div><\/div>\n\n\n\n<div class=\"wp-block-uagb-slider-child uagb-slider-child-wrap swiper-slide uagb-block-e8a73d73\"><div class=\"swiper-content\">\n<figure class=\"wp-block-image size-large\"><img loading=\"lazy\" decoding=\"async\" width=\"1536\" height=\"1536\" src=\"https:\/\/selinaundarmin.de\/wp-content\/uploads\/2024\/03\/WhatsApp-Bild-2024-03-29-um-12.10.23_88c32ba2-edited.jpg\" alt=\"\" class=\"wp-image-88\" srcset=\"https:\/\/selinaundarmin.de\/wp-content\/uploads\/2024\/03\/WhatsApp-Bild-2024-03-29-um-12.10.23_88c32ba2-edited.jpg 1536w, https:\/\/selinaundarmin.de\/wp-content\/uploads\/2024\/03\/WhatsApp-Bild-2024-03-29-um-12.10.23_88c32ba2-edited-300x300.jpg 300w, https:\/\/selinaundarmin.de\/wp-content\/uploads\/2024\/03\/WhatsApp-Bild-2024-03-29-um-12.10.23_88c32ba2-edited-1024x1024.jpg 1024w, https:\/\/selinaundarmin.de\/wp-content\/uploads\/2024\/03\/WhatsApp-Bild-2024-03-29-um-12.10.23_88c32ba2-edited-150x150.jpg 150w, https:\/\/selinaundarmin.de\/wp-content\/uploads\/2024\/03\/WhatsApp-Bild-2024-03-29-um-12.10.23_88c32ba2-edited-768x768.jpg 768w\" sizes=\"auto, (max-width: 1536px) 100vw, 1536px\" \/><\/figure>\n<\/div><\/div>\n\n\n\n<div class=\"wp-block-uagb-slider-child uagb-slider-child-wrap swiper-slide uagb-block-1e69a225\"><div class=\"swiper-content\">\n<div class=\"wp-block-uagb-container uagb-block-9597c835 alignfull uagb-is-root-container\"><div class=\"uagb-container-inner-blocks-wrap\">\n<figure class=\"wp-block-image size-large\"><img loading=\"lazy\" decoding=\"async\" width=\"1536\" height=\"1536\" src=\"https:\/\/selinaundarmin.de\/wp-content\/uploads\/2024\/03\/WhatsApp-Bild-2024-03-29-um-12.10.23_56fde91b-edited.jpg\" alt=\"\" class=\"wp-image-94\" srcset=\"https:\/\/selinaundarmin.de\/wp-content\/uploads\/2024\/03\/WhatsApp-Bild-2024-03-29-um-12.10.23_56fde91b-edited.jpg 1536w, https:\/\/selinaundarmin.de\/wp-content\/uploads\/2024\/03\/WhatsApp-Bild-2024-03-29-um-12.10.23_56fde91b-edited-300x300.jpg 300w, https:\/\/selinaundarmin.de\/wp-content\/uploads\/2024\/03\/WhatsApp-Bild-2024-03-29-um-12.10.23_56fde91b-edited-1024x1024.jpg 1024w, https:\/\/selinaundarmin.de\/wp-content\/uploads\/2024\/03\/WhatsApp-Bild-2024-03-29-um-12.10.23_56fde91b-edited-150x150.jpg 150w, https:\/\/selinaundarmin.de\/wp-content\/uploads\/2024\/03\/WhatsApp-Bild-2024-03-29-um-12.10.23_56fde91b-edited-768x768.jpg 768w\" sizes=\"auto, (max-width: 1536px) 100vw, 1536px\" \/><\/figure>\n<\/div><\/div>\n<\/div><\/div>\n\n\n\n<div class=\"wp-block-uagb-slider-child uagb-slider-child-wrap swiper-slide uagb-block-67420d18\"><div class=\"swiper-content\">\n<div class=\"wp-block-uagb-container uagb-block-5a0f87c3 alignfull uagb-is-root-container\"><div class=\"uagb-container-inner-blocks-wrap\">\n<figure class=\"wp-block-image size-large\"><img loading=\"lazy\" decoding=\"async\" width=\"1200\" height=\"1199\" src=\"https:\/\/selinaundarmin.de\/wp-content\/uploads\/2024\/03\/WhatsApp-Bild-2024-03-29-um-12.10.23_273ae18d-edited.jpg\" alt=\"\" class=\"wp-image-96\" srcset=\"https:\/\/selinaundarmin.de\/wp-content\/uploads\/2024\/03\/WhatsApp-Bild-2024-03-29-um-12.10.23_273ae18d-edited.jpg 1200w, https:\/\/selinaundarmin.de\/wp-content\/uploads\/2024\/03\/WhatsApp-Bild-2024-03-29-um-12.10.23_273ae18d-edited-300x300.jpg 300w, https:\/\/selinaundarmin.de\/wp-content\/uploads\/2024\/03\/WhatsApp-Bild-2024-03-29-um-12.10.23_273ae18d-edited-1024x1024.jpg 1024w, https:\/\/selinaundarmin.de\/wp-content\/uploads\/2024\/03\/WhatsApp-Bild-2024-03-29-um-12.10.23_273ae18d-edited-150x150.jpg 150w, https:\/\/selinaundarmin.de\/wp-content\/uploads\/2024\/03\/WhatsApp-Bild-2024-03-29-um-12.10.23_273ae18d-edited-768x767.jpg 768w\" sizes=\"auto, (max-width: 1200px) 100vw, 1200px\" \/><\/figure>\n<\/div><\/div>\n<\/div><\/div>\n\n\n\n<div class=\"wp-block-uagb-slider-child uagb-slider-child-wrap swiper-slide uagb-block-4c08aa13\"><div class=\"swiper-content\">\n<div class=\"wp-block-uagb-container uagb-block-03e3363b alignfull uagb-is-root-container\"><div class=\"uagb-container-inner-blocks-wrap\">\n<figure class=\"wp-block-image size-large\"><img loading=\"lazy\" decoding=\"async\" width=\"1080\" height=\"1080\" src=\"https:\/\/selinaundarmin.de\/wp-content\/uploads\/2024\/03\/WhatsApp-Bild-2024-03-29-um-12.10.22_3c2da72c-edited.jpg\" alt=\"\" class=\"wp-image-98\" srcset=\"https:\/\/selinaundarmin.de\/wp-content\/uploads\/2024\/03\/WhatsApp-Bild-2024-03-29-um-12.10.22_3c2da72c-edited.jpg 1080w, https:\/\/selinaundarmin.de\/wp-content\/uploads\/2024\/03\/WhatsApp-Bild-2024-03-29-um-12.10.22_3c2da72c-edited-300x300.jpg 300w, https:\/\/selinaundarmin.de\/wp-content\/uploads\/2024\/03\/WhatsApp-Bild-2024-03-29-um-12.10.22_3c2da72c-edited-1024x1024.jpg 1024w, https:\/\/selinaundarmin.de\/wp-content\/uploads\/2024\/03\/WhatsApp-Bild-2024-03-29-um-12.10.22_3c2da72c-edited-150x150.jpg 150w, https:\/\/selinaundarmin.de\/wp-content\/uploads\/2024\/03\/WhatsApp-Bild-2024-03-29-um-12.10.22_3c2da72c-edited-768x768.jpg 768w\" sizes=\"auto, (max-width: 1080px) 100vw, 1080px\" \/><\/figure>\n<\/div><\/div>\n<\/div><\/div>\n\n\n\n<div class=\"wp-block-uagb-slider-child uagb-slider-child-wrap swiper-slide uagb-block-59b60735\"><div class=\"swiper-content\">\n<div class=\"wp-block-uagb-container uagb-block-01a611f7 alignfull uagb-is-root-container\"><div class=\"uagb-container-inner-blocks-wrap\">\n<figure class=\"wp-block-image size-large\"><img loading=\"lazy\" decoding=\"async\" width=\"1536\" height=\"1536\" src=\"https:\/\/selinaundarmin.de\/wp-content\/uploads\/2024\/03\/WhatsApp-Bild-2024-03-29-um-12.10.22_da8af21e-edited.jpg\" alt=\"\" class=\"wp-image-100\" srcset=\"https:\/\/selinaundarmin.de\/wp-content\/uploads\/2024\/03\/WhatsApp-Bild-2024-03-29-um-12.10.22_da8af21e-edited.jpg 1536w, https:\/\/selinaundarmin.de\/wp-content\/uploads\/2024\/03\/WhatsApp-Bild-2024-03-29-um-12.10.22_da8af21e-edited-300x300.jpg 300w, https:\/\/selinaundarmin.de\/wp-content\/uploads\/2024\/03\/WhatsApp-Bild-2024-03-29-um-12.10.22_da8af21e-edited-1024x1024.jpg 1024w, https:\/\/selinaundarmin.de\/wp-content\/uploads\/2024\/03\/WhatsApp-Bild-2024-03-29-um-12.10.22_da8af21e-edited-150x150.jpg 150w, https:\/\/selinaundarmin.de\/wp-content\/uploads\/2024\/03\/WhatsApp-Bild-2024-03-29-um-12.10.22_da8af21e-edited-768x768.jpg 768w\" sizes=\"auto, (max-width: 1536px) 100vw, 1536px\" \/><\/figure>\n<\/div><\/div>\n<\/div><\/div>\n\n\n\n<div class=\"wp-block-uagb-slider-child uagb-slider-child-wrap swiper-slide uagb-block-4d81003b\"><div class=\"swiper-content\">\n<div class=\"wp-block-uagb-container uagb-block-1dbf121c alignfull uagb-is-root-container\"><div class=\"uagb-container-inner-blocks-wrap\">\n<figure class=\"wp-block-image size-large\"><img loading=\"lazy\" decoding=\"async\" width=\"1536\" height=\"1536\" src=\"https:\/\/selinaundarmin.de\/wp-content\/uploads\/2024\/03\/WhatsApp-Bild-2024-03-29-um-12.10.22_f343bcf6-edited.jpg\" alt=\"\" class=\"wp-image-102\" srcset=\"https:\/\/selinaundarmin.de\/wp-content\/uploads\/2024\/03\/WhatsApp-Bild-2024-03-29-um-12.10.22_f343bcf6-edited.jpg 1536w, https:\/\/selinaundarmin.de\/wp-content\/uploads\/2024\/03\/WhatsApp-Bild-2024-03-29-um-12.10.22_f343bcf6-edited-300x300.jpg 300w, https:\/\/selinaundarmin.de\/wp-content\/uploads\/2024\/03\/WhatsApp-Bild-2024-03-29-um-12.10.22_f343bcf6-edited-1024x1024.jpg 1024w, https:\/\/selinaundarmin.de\/wp-content\/uploads\/2024\/03\/WhatsApp-Bild-2024-03-29-um-12.10.22_f343bcf6-edited-150x150.jpg 150w, https:\/\/selinaundarmin.de\/wp-content\/uploads\/2024\/03\/WhatsApp-Bild-2024-03-29-um-12.10.22_f343bcf6-edited-768x768.jpg 768w\" sizes=\"auto, (max-width: 1536px) 100vw, 1536px\" \/><\/figure>\n<\/div><\/div>\n<\/div><\/div>\n\n\n\n<div class=\"wp-block-uagb-slider-child uagb-slider-child-wrap swiper-slide uagb-block-21f499c8\"><div class=\"swiper-content\">\n<div class=\"wp-block-uagb-container uagb-block-da258ad9 alignfull uagb-is-root-container\"><div class=\"uagb-container-inner-blocks-wrap\">\n<figure class=\"wp-block-image size-large\"><img loading=\"lazy\" decoding=\"async\" width=\"1366\" height=\"1366\" src=\"https:\/\/selinaundarmin.de\/wp-content\/uploads\/2024\/03\/WhatsApp-Bild-2024-03-29-um-12.10.20_a8e31888-edited.jpg\" alt=\"\" class=\"wp-image-104\" srcset=\"https:\/\/selinaundarmin.de\/wp-content\/uploads\/2024\/03\/WhatsApp-Bild-2024-03-29-um-12.10.20_a8e31888-edited.jpg 1366w, https:\/\/selinaundarmin.de\/wp-content\/uploads\/2024\/03\/WhatsApp-Bild-2024-03-29-um-12.10.20_a8e31888-edited-300x300.jpg 300w, https:\/\/selinaundarmin.de\/wp-content\/uploads\/2024\/03\/WhatsApp-Bild-2024-03-29-um-12.10.20_a8e31888-edited-1024x1024.jpg 1024w, https:\/\/selinaundarmin.de\/wp-content\/uploads\/2024\/03\/WhatsApp-Bild-2024-03-29-um-12.10.20_a8e31888-edited-150x150.jpg 150w, https:\/\/selinaundarmin.de\/wp-content\/uploads\/2024\/03\/WhatsApp-Bild-2024-03-29-um-12.10.20_a8e31888-edited-768x768.jpg 768w\" sizes=\"auto, (max-width: 1366px) 100vw, 1366px\" \/><\/figure>\n<\/div><\/div>\n<\/div><\/div>\n\n\n\n<div class=\"wp-block-uagb-slider-child uagb-slider-child-wrap swiper-slide uagb-block-7edf44b4\"><div class=\"swiper-content\">\n<div class=\"wp-block-uagb-container uagb-block-facdebbe alignfull uagb-is-root-container\"><div class=\"uagb-container-inner-blocks-wrap\">\n<figure class=\"wp-block-image size-large\"><img loading=\"lazy\" decoding=\"async\" width=\"1536\" height=\"1536\" src=\"https:\/\/selinaundarmin.de\/wp-content\/uploads\/2024\/03\/WhatsApp-Bild-2024-03-29-um-12.10.09_103757eb-edited.jpg\" alt=\"\" class=\"wp-image-106\" srcset=\"https:\/\/selinaundarmin.de\/wp-content\/uploads\/2024\/03\/WhatsApp-Bild-2024-03-29-um-12.10.09_103757eb-edited.jpg 1536w, https:\/\/selinaundarmin.de\/wp-content\/uploads\/2024\/03\/WhatsApp-Bild-2024-03-29-um-12.10.09_103757eb-edited-300x300.jpg 300w, https:\/\/selinaundarmin.de\/wp-content\/uploads\/2024\/03\/WhatsApp-Bild-2024-03-29-um-12.10.09_103757eb-edited-1024x1024.jpg 1024w, https:\/\/selinaundarmin.de\/wp-content\/uploads\/2024\/03\/WhatsApp-Bild-2024-03-29-um-12.10.09_103757eb-edited-150x150.jpg 150w, https:\/\/selinaundarmin.de\/wp-content\/uploads\/2024\/03\/WhatsApp-Bild-2024-03-29-um-12.10.09_103757eb-edited-768x768.jpg 768w\" sizes=\"auto, (max-width: 1536px) 100vw, 1536px\" \/><\/figure>\n<\/div><\/div>\n<\/div><\/div>\n\n\n\n<div class=\"wp-block-uagb-slider-child uagb-slider-child-wrap swiper-slide uagb-block-9fbaac60\"><div class=\"swiper-content\">\n<div class=\"wp-block-uagb-container uagb-block-0569e0f5 alignfull uagb-is-root-container\"><div class=\"uagb-container-inner-blocks-wrap\">\n<figure class=\"wp-block-image size-large\"><img loading=\"lazy\" decoding=\"async\" width=\"1536\" height=\"1536\" src=\"https:\/\/selinaundarmin.de\/wp-content\/uploads\/2024\/03\/WhatsApp-Bild-2024-03-29-um-12.10.08_ad053a16-edited.jpg\" alt=\"\" class=\"wp-image-108\" srcset=\"https:\/\/selinaundarmin.de\/wp-content\/uploads\/2024\/03\/WhatsApp-Bild-2024-03-29-um-12.10.08_ad053a16-edited.jpg 1536w, https:\/\/selinaundarmin.de\/wp-content\/uploads\/2024\/03\/WhatsApp-Bild-2024-03-29-um-12.10.08_ad053a16-edited-300x300.jpg 300w, https:\/\/selinaundarmin.de\/wp-content\/uploads\/2024\/03\/WhatsApp-Bild-2024-03-29-um-12.10.08_ad053a16-edited-1024x1024.jpg 1024w, https:\/\/selinaundarmin.de\/wp-content\/uploads\/2024\/03\/WhatsApp-Bild-2024-03-29-um-12.10.08_ad053a16-edited-150x150.jpg 150w, https:\/\/selinaundarmin.de\/wp-content\/uploads\/2024\/03\/WhatsApp-Bild-2024-03-29-um-12.10.08_ad053a16-edited-768x768.jpg 768w\" sizes=\"auto, (max-width: 1536px) 100vw, 1536px\" \/><\/figure>\n<\/div><\/div>\n<\/div><\/div>\n\n\n\n<div class=\"wp-block-uagb-slider-child uagb-slider-child-wrap swiper-slide uagb-block-fc570573\"><div class=\"swiper-content\">\n<div class=\"wp-block-uagb-container uagb-block-87dc9af2 alignfull uagb-is-root-container\"><div class=\"uagb-container-inner-blocks-wrap\">\n<figure class=\"wp-block-image size-large\"><img loading=\"lazy\" decoding=\"async\" width=\"1536\" height=\"1536\" src=\"https:\/\/selinaundarmin.de\/wp-content\/uploads\/2024\/03\/WhatsApp-Bild-2024-03-29-um-12.10.07_a487f0aa-edited.jpg\" alt=\"\" class=\"wp-image-110\" srcset=\"https:\/\/selinaundarmin.de\/wp-content\/uploads\/2024\/03\/WhatsApp-Bild-2024-03-29-um-12.10.07_a487f0aa-edited.jpg 1536w, https:\/\/selinaundarmin.de\/wp-content\/uploads\/2024\/03\/WhatsApp-Bild-2024-03-29-um-12.10.07_a487f0aa-edited-300x300.jpg 300w, https:\/\/selinaundarmin.de\/wp-content\/uploads\/2024\/03\/WhatsApp-Bild-2024-03-29-um-12.10.07_a487f0aa-edited-1024x1024.jpg 1024w, https:\/\/selinaundarmin.de\/wp-content\/uploads\/2024\/03\/WhatsApp-Bild-2024-03-29-um-12.10.07_a487f0aa-edited-150x150.jpg 150w, https:\/\/selinaundarmin.de\/wp-content\/uploads\/2024\/03\/WhatsApp-Bild-2024-03-29-um-12.10.07_a487f0aa-edited-768x768.jpg 768w\" sizes=\"auto, (max-width: 1536px) 100vw, 1536px\" \/><\/figure>\n<\/div><\/div>\n<\/div><\/div>\n\n\n\n<div class=\"wp-block-uagb-slider-child uagb-slider-child-wrap swiper-slide uagb-block-cfd9f24f\"><div class=\"swiper-content\">\n<div class=\"wp-block-uagb-container uagb-block-57096f7c alignfull uagb-is-root-container\"><div class=\"uagb-container-inner-blocks-wrap\">\n<figure class=\"wp-block-image size-large\"><img loading=\"lazy\" decoding=\"async\" width=\"1536\" height=\"1536\" src=\"https:\/\/selinaundarmin.de\/wp-content\/uploads\/2024\/03\/WhatsApp-Bild-2024-03-29-um-11.27.18_70a6aed3-edited.jpg\" alt=\"\" class=\"wp-image-113\" srcset=\"https:\/\/selinaundarmin.de\/wp-content\/uploads\/2024\/03\/WhatsApp-Bild-2024-03-29-um-11.27.18_70a6aed3-edited.jpg 1536w, https:\/\/selinaundarmin.de\/wp-content\/uploads\/2024\/03\/WhatsApp-Bild-2024-03-29-um-11.27.18_70a6aed3-edited-300x300.jpg 300w, https:\/\/selinaundarmin.de\/wp-content\/uploads\/2024\/03\/WhatsApp-Bild-2024-03-29-um-11.27.18_70a6aed3-edited-1024x1024.jpg 1024w, https:\/\/selinaundarmin.de\/wp-content\/uploads\/2024\/03\/WhatsApp-Bild-2024-03-29-um-11.27.18_70a6aed3-edited-150x150.jpg 150w, https:\/\/selinaundarmin.de\/wp-content\/uploads\/2024\/03\/WhatsApp-Bild-2024-03-29-um-11.27.18_70a6aed3-edited-768x768.jpg 768w\" sizes=\"auto, (max-width: 1536px) 100vw, 1536px\" \/><\/figure>\n<\/div><\/div>\n<\/div><\/div>\n<\/div><\/div><div class=\"swiper-pagination\"><\/div><div class=\"swiper-button-prev\"><\/div><div class=\"swiper-button-next\"><\/div><\/div>\n\n\n\n<div class=\"wp-block-uagb-separator uagb-block-c435b20c\"><div class=\"wp-block-uagb-separator__inner\" style=\"--my-background-image:\"><\/div><\/div>\n\n\n\n<div class=\"wp-block-uagb-advanced-heading uagb-block-d4f99464\"><h2 class=\"uagb-heading-text\">Hochzeitscountdown \ud83d\udc95<\/h2><\/div>\n\n\n\n<div class=\"wp-block-uagb-countdown uagb-block-3e5ccd59\"><div class=\"wp-block-uagb-countdown__box wp-block-uagb-countdown__box-days\"><div class=\"wp-block-uagb-countdown__time wp-block-uagb-countdown__time-days\">&#8211;<\/div><div class=\"wp-block-uagb-countdown__label\">Tage<\/div><\/div><div class=\"wp-block-uagb-countdown__box wp-block-uagb-countdown__box-hours\"><div class=\"wp-block-uagb-countdown__time wp-block-uagb-countdown__time-hours\">&#8211;<\/div><div class=\"wp-block-uagb-countdown__label\">Stunden<\/div><\/div><div class=\"wp-block-uagb-countdown__box wp-block-uagb-countdown__box-minutes\"><div class=\"wp-block-uagb-countdown__time wp-block-uagb-countdown__time-minutes\">&#8211;<\/div><div class=\"wp-block-uagb-countdown__label\">Minuten<\/div><\/div><div class=\"wp-block-uagb-countdown__box wp-block-uagb-countdown__box-seconds\"><div class=\"wp-block-uagb-countdown__time wp-block-uagb-countdown__time-seconds\">&#8211;<\/div><div class=\"wp-block-uagb-countdown__label\">Sekunden<\/div><\/div><\/div>\n\n\n\n<div class=\"wp-block-uagb-separator uagb-block-1c08b517\"><div class=\"wp-block-uagb-separator__inner\" style=\"--my-background-image:\"><\/div><\/div>\n","protected":false},"excerpt":{"rendered":"<p>Herzlich willkommen auf unserer Hochzeitshomepage! Wir freuen uns, dass ihr den Weg zu unserer digitalen Liebesfeier gefunden habt. Am 5. Oktober 2024 sagen Selina und Armin &#8222;Ja&#8220; zueinander, und wir k\u00f6nnen es kaum erwarten, diesen besonderen Tag mit Familie und Freunden zu teilen. Auf diesen Seiten werdet ihr alles finden, was ihr \u00fcber unsere Hochzeit &hellip;<\/p>\n<p class=\"read-more\"> <a class=\"\" href=\"https:\/\/selinaundarmin.de\/\"> <span class=\"screen-reader-text\">Selina &amp; Armin \ud83d\udc92\ud83d\udc8d 05. Oktober 2024<\/span> Weiterlesen &raquo;<\/a><\/p>\n","protected":false},"author":1,"featured_media":0,"parent":0,"menu_order":0,"comment_status":"closed","ping_status":"closed","template":"","meta":{"_uag_custom_page_level_css":"","site-sidebar-layout":"default","site-content-layout":"","ast-site-content-layout":"","site-content-style":"default","site-sidebar-style":"default","ast-global-header-display":"","ast-banner-title-visibility":"","ast-main-header-display":"","ast-hfb-above-header-display":"","ast-hfb-below-header-display":"","ast-hfb-mobile-header-display":"","site-post-title":"","ast-breadcrumbs-content":"","ast-featured-img":"","footer-sml-layout":"","theme-transparent-header-meta":"","adv-header-id-meta":"","stick-header-meta":"","header-above-stick-meta":"","header-main-stick-meta":"","header-below-stick-meta":"","astra-migrate-meta-layouts":"default","ast-page-background-enabled":"default","ast-page-background-meta":{"desktop":{"background-color":"var(--ast-global-color-4)","background-image":"","background-repeat":"repeat","background-position":"center center","background-size":"auto","background-attachment":"scroll","background-type":"","background-media":"","overlay-type":"","overlay-color":"","overlay-gradient":""},"tablet":{"background-color":"","background-image":"","background-repeat":"repeat","background-position":"center center","background-size":"auto","background-attachment":"scroll","background-type":"","background-media":"","overlay-type":"","overlay-color":"","overlay-gradient":""},"mobile":{"background-color":"","background-image":"","background-repeat":"repeat","background-position":"center center","background-size":"auto","background-attachment":"scroll","background-type":"","background-media":"","overlay-type":"","overlay-color":"","overlay-gradient":""}},"ast-content-background-meta":{"desktop":{"background-color":"var(--ast-global-color-5)","background-image":"","background-repeat":"repeat","background-position":"center center","background-size":"auto","background-attachment":"scroll","background-type":"","background-media":"","overlay-type":"","overlay-color":"","overlay-gradient":""},"tablet":{"background-color":"var(--ast-global-color-5)","background-image":"","background-repeat":"repeat","background-position":"center center","background-size":"auto","background-attachment":"scroll","background-type":"","background-media":"","overlay-type":"","overlay-color":"","overlay-gradient":""},"mobile":{"background-color":"var(--ast-global-color-5)","background-image":"","background-repeat":"repeat","background-position":"center center","background-size":"auto","background-attachment":"scroll","background-type":"","background-media":"","overlay-type":"","overlay-color":"","overlay-gradient":""}},"footnotes":""},"class_list":["post-6","page","type-page","status-publish","hentry"],"uagb_featured_image_src":{"full":false,"thumbnail":false,"medium":false,"medium_large":false,"large":false,"1536x1536":false,"2048x2048":false},"uagb_author_info":{"display_name":"admin","author_link":"https:\/\/selinaundarmin.de\/?author=1"},"uagb_comment_info":0,"uagb_excerpt":"Herzlich willkommen auf unserer Hochzeitshomepage! Wir freuen uns, dass ihr den Weg zu unserer digitalen Liebesfeier gefunden habt. Am 5. Oktober 2024 sagen Selina und Armin &#8222;Ja&#8220; zueinander, und wir k\u00f6nnen es kaum erwarten, diesen besonderen Tag mit Familie und Freunden zu teilen. Auf diesen Seiten werdet ihr alles finden, was ihr \u00fcber unsere Hochzeit&hellip;","_links":{"self":[{"href":"https:\/\/selinaundarmin.de\/index.php?rest_route=\/wp\/v2\/pages\/6","targetHints":{"allow":["GET"]}}],"collection":[{"href":"https:\/\/selinaundarmin.de\/index.php?rest_route=\/wp\/v2\/pages"}],"about":[{"href":"https:\/\/selinaundarmin.de\/index.php?rest_route=\/wp\/v2\/types\/page"}],"author":[{"embeddable":true,"href":"https:\/\/selinaundarmin.de\/index.php?rest_route=\/wp\/v2\/users\/1"}],"replies":[{"embeddable":true,"href":"https:\/\/selinaundarmin.de\/index.php?rest_route=%2Fwp%2Fv2%2Fcomments&post=6"}],"version-history":[{"count":8,"href":"https:\/\/selinaundarmin.de\/index.php?rest_route=\/wp\/v2\/pages\/6\/revisions"}],"predecessor-version":[{"id":114,"href":"https:\/\/selinaundarmin.de\/index.php?rest_route=\/wp\/v2\/pages\/6\/revisions\/114"}],"wp:attachment":[{"href":"https:\/\/selinaundarmin.de\/index.php?rest_route=%2Fwp%2Fv2%2Fmedia&parent=6"}],"curies":[{"name":"wp","href":"https:\/\/api.w.org\/{rel}","templated":true}]}}