{"id":32,"date":"2024-01-02T13:23:55","date_gmt":"2024-01-02T12:23:55","guid":{"rendered":"https:\/\/selinaundarmin.de\/?page_id=32"},"modified":"2024-03-29T11:57:58","modified_gmt":"2024-03-29T10:57:58","slug":"unsere-geschichte","status":"publish","type":"page","link":"https:\/\/selinaundarmin.de\/?page_id=32","title":{"rendered":"Unsere Geschichte"},"content":{"rendered":"\n<p>Unsere Geschichte in wenigen Worten und Bildern<\/p>\n\n\n\n<div class=\"wp-block-uagb-separator uagb-block-44638379\"><div class=\"wp-block-uagb-separator__inner\" style=\"--my-background-image:\"><\/div><\/div>\n\n\n\n<div class=\"wp-block-media-text is-stacked-on-mobile\"><figure class=\"wp-block-media-text__media\"><img loading=\"lazy\" decoding=\"async\" width=\"735\" height=\"735\" src=\"https:\/\/selinaundarmin.de\/wp-content\/uploads\/2024\/03\/image-3-edited.png\" alt=\"\" class=\"wp-image-79 size-full\" srcset=\"https:\/\/selinaundarmin.de\/wp-content\/uploads\/2024\/03\/image-3-edited.png 735w, https:\/\/selinaundarmin.de\/wp-content\/uploads\/2024\/03\/image-3-edited-300x300.png 300w, https:\/\/selinaundarmin.de\/wp-content\/uploads\/2024\/03\/image-3-edited-150x150.png 150w\" sizes=\"auto, (max-width: 735px) 100vw, 735px\" \/><\/figure><div class=\"wp-block-media-text__content\">\n<p class=\"has-text-align-center has-large-font-size\">05. Oktober 2024 <\/p>\n\n\n\n<p class=\"has-text-align-center\">Selina und Armin geben sich das &#8222;Ja-Wort&#8220; und wir feiern alle gemeinsam ihre Liebe.<\/p>\n<\/div><\/div>\n\n\n\n<div class=\"wp-block-media-text has-media-on-the-right is-stacked-on-mobile\"><div class=\"wp-block-media-text__content\">\n<p class=\"has-text-align-center has-large-font-size\">09. September 2023 <\/p>\n\n\n\n<p class=\"has-text-align-center\">W\u00e4hrend das Paar mitten in den Renovierungsarbeiten und Hochzeitsplanungen steckt, ziehen gleich vier neue Mitbewohner zur Unterst\u00fctzung bei der M\u00e4usejagt  ein. <\/p>\n<\/div><figure class=\"wp-block-media-text__media\"><img loading=\"lazy\" decoding=\"async\" width=\"1024\" height=\"1024\" src=\"https:\/\/selinaundarmin.de\/wp-content\/uploads\/2024\/03\/WhatsApp-Bild-2024-03-29-um-11.27.19_90c9ed98-edited-1024x1024.jpg\" alt=\"\" class=\"wp-image-77 size-full\" srcset=\"https:\/\/selinaundarmin.de\/wp-content\/uploads\/2024\/03\/WhatsApp-Bild-2024-03-29-um-11.27.19_90c9ed98-edited-1024x1024.jpg 1024w, https:\/\/selinaundarmin.de\/wp-content\/uploads\/2024\/03\/WhatsApp-Bild-2024-03-29-um-11.27.19_90c9ed98-edited-300x300.jpg 300w, https:\/\/selinaundarmin.de\/wp-content\/uploads\/2024\/03\/WhatsApp-Bild-2024-03-29-um-11.27.19_90c9ed98-edited-150x150.jpg 150w, https:\/\/selinaundarmin.de\/wp-content\/uploads\/2024\/03\/WhatsApp-Bild-2024-03-29-um-11.27.19_90c9ed98-edited-768x768.jpg 768w, https:\/\/selinaundarmin.de\/wp-content\/uploads\/2024\/03\/WhatsApp-Bild-2024-03-29-um-11.27.19_90c9ed98-edited.jpg 1200w\" sizes=\"auto, (max-width: 1024px) 100vw, 1024px\" \/><\/figure><\/div>\n\n\n\n<div class=\"wp-block-media-text is-stacked-on-mobile\"><figure class=\"wp-block-media-text__media\"><img loading=\"lazy\" decoding=\"async\" width=\"768\" height=\"768\" src=\"https:\/\/selinaundarmin.de\/wp-content\/uploads\/2024\/03\/image-2-edited.png\" alt=\"\" class=\"wp-image-75 size-full\" srcset=\"https:\/\/selinaundarmin.de\/wp-content\/uploads\/2024\/03\/image-2-edited.png 768w, https:\/\/selinaundarmin.de\/wp-content\/uploads\/2024\/03\/image-2-edited-300x300.png 300w, https:\/\/selinaundarmin.de\/wp-content\/uploads\/2024\/03\/image-2-edited-150x150.png 150w\" sizes=\"auto, (max-width: 768px) 100vw, 768px\" \/><\/figure><div class=\"wp-block-media-text__content\">\n<p class=\"has-text-align-center has-large-font-size\">30. Juli 2023 <\/p>\n\n\n\n<p class=\"has-text-align-center\">Armin h\u00e4lt um Selinas Hand an. <\/p>\n<\/div><\/div>\n\n\n\n<div class=\"wp-block-media-text has-media-on-the-right is-stacked-on-mobile\"><div class=\"wp-block-media-text__content\">\n<p class=\"has-text-align-center has-large-font-size\">08. M\u00e4rz 2023 <\/p>\n\n\n\n<p class=\"has-text-align-center\">Hauskauf und anschlie\u00dfender Umzug in die eigenen vier W\u00e4nde im Queckborn, Feuerscheid.<\/p>\n\n\n\n<p class=\"has-text-align-center\">Hier renovieren Selina und Armin gemeinsam einen alten Bauernhof mit viel Liebe.<\/p>\n<\/div><figure class=\"wp-block-media-text__media\"><img loading=\"lazy\" decoding=\"async\" width=\"370\" height=\"338\" src=\"https:\/\/selinaundarmin.de\/wp-content\/uploads\/2024\/01\/e721b9450a31c45e2130a45f6340edd4.png\" alt=\"\" class=\"wp-image-34 size-full\" srcset=\"https:\/\/selinaundarmin.de\/wp-content\/uploads\/2024\/01\/e721b9450a31c45e2130a45f6340edd4.png 370w, https:\/\/selinaundarmin.de\/wp-content\/uploads\/2024\/01\/e721b9450a31c45e2130a45f6340edd4-300x274.png 300w\" sizes=\"auto, (max-width: 370px) 100vw, 370px\" \/><\/figure><\/div>\n\n\n\n<div class=\"wp-block-media-text is-stacked-on-mobile\"><figure class=\"wp-block-media-text__media\"><img loading=\"lazy\" decoding=\"async\" width=\"1024\" height=\"1024\" src=\"https:\/\/selinaundarmin.de\/wp-content\/uploads\/2024\/03\/WhatsApp-Bild-2024-03-29-um-11.27.19_09fe8ada-edited-1024x1024.jpg\" alt=\"\" class=\"wp-image-69 size-full\" srcset=\"https:\/\/selinaundarmin.de\/wp-content\/uploads\/2024\/03\/WhatsApp-Bild-2024-03-29-um-11.27.19_09fe8ada-edited-1024x1024.jpg 1024w, https:\/\/selinaundarmin.de\/wp-content\/uploads\/2024\/03\/WhatsApp-Bild-2024-03-29-um-11.27.19_09fe8ada-edited-300x300.jpg 300w, https:\/\/selinaundarmin.de\/wp-content\/uploads\/2024\/03\/WhatsApp-Bild-2024-03-29-um-11.27.19_09fe8ada-edited-150x150.jpg 150w, https:\/\/selinaundarmin.de\/wp-content\/uploads\/2024\/03\/WhatsApp-Bild-2024-03-29-um-11.27.19_09fe8ada-edited-768x768.jpg 768w, https:\/\/selinaundarmin.de\/wp-content\/uploads\/2024\/03\/WhatsApp-Bild-2024-03-29-um-11.27.19_09fe8ada-edited.jpg 1200w\" sizes=\"auto, (max-width: 1024px) 100vw, 1024px\" \/><\/figure><div class=\"wp-block-media-text__content\">\n<p class=\"has-text-align-center has-large-font-size\">03. November 2020<\/p>\n\n\n\n<p class=\"has-text-align-center\">Lizzy zieht in die gemeinsame Wohnung der Beiden ein. <\/p>\n<\/div><\/div>\n\n\n\n<div class=\"wp-block-media-text has-media-on-the-right is-stacked-on-mobile\"><div class=\"wp-block-media-text__content\">\n<p class=\"has-text-align-center has-large-font-size\">15.Mai 2020<\/p>\n\n\n\n<p class=\"has-text-align-center\">Mitten im Lockdown ziehen Selina und Armin in ihre erste gemeinsame Wohnung nach Hargarten. <\/p>\n<\/div><figure class=\"wp-block-media-text__media\"><img loading=\"lazy\" decoding=\"async\" width=\"379\" height=\"379\" src=\"https:\/\/selinaundarmin.de\/wp-content\/uploads\/2024\/03\/image-1-edited.png\" alt=\"\" class=\"wp-image-73 size-full\" srcset=\"https:\/\/selinaundarmin.de\/wp-content\/uploads\/2024\/03\/image-1-edited.png 379w, https:\/\/selinaundarmin.de\/wp-content\/uploads\/2024\/03\/image-1-edited-300x300.png 300w, https:\/\/selinaundarmin.de\/wp-content\/uploads\/2024\/03\/image-1-edited-150x150.png 150w\" sizes=\"auto, (max-width: 379px) 100vw, 379px\" \/><\/figure><\/div>\n\n\n\n<div class=\"wp-block-media-text is-stacked-on-mobile\"><figure class=\"wp-block-media-text__media\"><img loading=\"lazy\" decoding=\"async\" width=\"1017\" height=\"1017\" src=\"https:\/\/selinaundarmin.de\/wp-content\/uploads\/2024\/03\/WhatsApp-Bild-2024-03-29-um-11.27.18_4938a802_2.jpg\" alt=\"\" class=\"wp-image-65 size-full\" srcset=\"https:\/\/selinaundarmin.de\/wp-content\/uploads\/2024\/03\/WhatsApp-Bild-2024-03-29-um-11.27.18_4938a802_2.jpg 1017w, https:\/\/selinaundarmin.de\/wp-content\/uploads\/2024\/03\/WhatsApp-Bild-2024-03-29-um-11.27.18_4938a802_2-300x300.jpg 300w, https:\/\/selinaundarmin.de\/wp-content\/uploads\/2024\/03\/WhatsApp-Bild-2024-03-29-um-11.27.18_4938a802_2-150x150.jpg 150w, https:\/\/selinaundarmin.de\/wp-content\/uploads\/2024\/03\/WhatsApp-Bild-2024-03-29-um-11.27.18_4938a802_2-768x768.jpg 768w\" sizes=\"auto, (max-width: 1017px) 100vw, 1017px\" \/><\/figure><div class=\"wp-block-media-text__content\">\n<p class=\"has-text-align-center has-large-font-size\">15. Januar 2018<\/p>\n\n\n\n<p class=\"has-text-align-center\">Nach einer ausf\u00fchrlichen &#8222;Kennenlernphase&#8220; beginnen Selina und Armin ihre gemeinsame Reise und sind jetzt offiziell ein Paar.<\/p>\n<\/div><\/div>\n","protected":false},"excerpt":{"rendered":"<p>Unsere Geschichte in wenigen Worten und Bildern 05. Oktober 2024 Selina und Armin geben sich das &#8222;Ja-Wort&#8220; und wir feiern alle gemeinsam ihre Liebe. 09. September 2023 W\u00e4hrend das Paar mitten in den Renovierungsarbeiten und Hochzeitsplanungen steckt, ziehen gleich vier neue Mitbewohner zur Unterst\u00fctzung bei der M\u00e4usejagt ein. 30. Juli 2023 Armin h\u00e4lt um Selinas &hellip;<\/p>\n<p class=\"read-more\"> <a class=\"\" href=\"https:\/\/selinaundarmin.de\/?page_id=32\"> <span class=\"screen-reader-text\">Unsere Geschichte<\/span> Weiterlesen &raquo;<\/a><\/p>\n","protected":false},"author":1,"featured_media":0,"parent":0,"menu_order":0,"comment_status":"closed","ping_status":"closed","template":"","meta":{"_uag_custom_page_level_css":"","site-sidebar-layout":"default","site-content-layout":"","ast-site-content-layout":"","site-content-style":"default","site-sidebar-style":"default","ast-global-header-display":"","ast-banner-title-visibility":"","ast-main-header-display":"","ast-hfb-above-header-display":"","ast-hfb-below-header-display":"","ast-hfb-mobile-header-display":"","site-post-title":"","ast-breadcrumbs-content":"","ast-featured-img":"","footer-sml-layout":"","theme-transparent-header-meta":"","adv-header-id-meta":"","stick-header-meta":"","header-above-stick-meta":"","header-main-stick-meta":"","header-below-stick-meta":"","astra-migrate-meta-layouts":"default","ast-page-background-enabled":"default","ast-page-background-meta":{"desktop":{"background-color":"var(--ast-global-color-4)","background-image":"","background-repeat":"repeat","background-position":"center center","background-size":"auto","background-attachment":"scroll","background-type":"","background-media":"","overlay-type":"","overlay-color":"","overlay-gradient":""},"tablet":{"background-color":"","background-image":"","background-repeat":"repeat","background-position":"center center","background-size":"auto","background-attachment":"scroll","background-type":"","background-media":"","overlay-type":"","overlay-color":"","overlay-gradient":""},"mobile":{"background-color":"","background-image":"","background-repeat":"repeat","background-position":"center center","background-size":"auto","background-attachment":"scroll","background-type":"","background-media":"","overlay-type":"","overlay-color":"","overlay-gradient":""}},"ast-content-background-meta":{"desktop":{"background-color":"var(--ast-global-color-5)","background-image":"","background-repeat":"repeat","background-position":"center center","background-size":"auto","background-attachment":"scroll","background-type":"","background-media":"","overlay-type":"","overlay-color":"","overlay-gradient":""},"tablet":{"background-color":"var(--ast-global-color-5)","background-image":"","background-repeat":"repeat","background-position":"center center","background-size":"auto","background-attachment":"scroll","background-type":"","background-media":"","overlay-type":"","overlay-color":"","overlay-gradient":""},"mobile":{"background-color":"var(--ast-global-color-5)","background-image":"","background-repeat":"repeat","background-position":"center center","background-size":"auto","background-attachment":"scroll","background-type":"","background-media":"","overlay-type":"","overlay-color":"","overlay-gradient":""}},"footnotes":""},"class_list":["post-32","page","type-page","status-publish","hentry"],"uagb_featured_image_src":{"full":false,"thumbnail":false,"medium":false,"medium_large":false,"large":false,"1536x1536":false,"2048x2048":false},"uagb_author_info":{"display_name":"admin","author_link":"https:\/\/selinaundarmin.de\/?author=1"},"uagb_comment_info":0,"uagb_excerpt":"Unsere Geschichte in wenigen Worten und Bildern 05. Oktober 2024 Selina und Armin geben sich das &#8222;Ja-Wort&#8220; und wir feiern alle gemeinsam ihre Liebe. 09. September 2023 W\u00e4hrend das Paar mitten in den Renovierungsarbeiten und Hochzeitsplanungen steckt, ziehen gleich vier neue Mitbewohner zur Unterst\u00fctzung bei der M\u00e4usejagt ein. 30. Juli 2023 Armin h\u00e4lt um Selinas&hellip;","_links":{"self":[{"href":"https:\/\/selinaundarmin.de\/index.php?rest_route=\/wp\/v2\/pages\/32","targetHints":{"allow":["GET"]}}],"collection":[{"href":"https:\/\/selinaundarmin.de\/index.php?rest_route=\/wp\/v2\/pages"}],"about":[{"href":"https:\/\/selinaundarmin.de\/index.php?rest_route=\/wp\/v2\/types\/page"}],"author":[{"embeddable":true,"href":"https:\/\/selinaundarmin.de\/index.php?rest_route=\/wp\/v2\/users\/1"}],"replies":[{"embeddable":true,"href":"https:\/\/selinaundarmin.de\/index.php?rest_route=%2Fwp%2Fv2%2Fcomments&post=32"}],"version-history":[{"count":4,"href":"https:\/\/selinaundarmin.de\/index.php?rest_route=\/wp\/v2\/pages\/32\/revisions"}],"predecessor-version":[{"id":80,"href":"https:\/\/selinaundarmin.de\/index.php?rest_route=\/wp\/v2\/pages\/32\/revisions\/80"}],"wp:attachment":[{"href":"https:\/\/selinaundarmin.de\/index.php?rest_route=%2Fwp%2Fv2%2Fmedia&parent=32"}],"curies":[{"name":"wp","href":"https:\/\/api.w.org\/{rel}","templated":true}]}}